{"id":2,"date":"2023-06-19T09:53:54","date_gmt":"2023-06-19T09:53:54","guid":{"rendered":"https:\/\/contexos.at\/?page_id=2"},"modified":"2024-01-18T16:09:27","modified_gmt":"2024-01-18T16:09:27","slug":"sample-page","status":"publish","type":"page","link":"https:\/\/contexos.at\/","title":{"rendered":"CONTEX objecta GmbH"},"content":{"rendered":"\n<p>Hier finden Sie bald alle wichtigen Informationen \u00fcber unser Unternehmen und unseren Dienstleistungen. Bitte haben Sie noch etwas Geduld, wir arbeiten daran, Ihnen in K\u00fcrze alle Details zur Verf\u00fcgung zu stellen.<\/p>\n\n\n\n<hr class=\"wp-block-separator has-alpha-channel-opacity\"\/>\n\n\n\n<p>CONTEX objecta GmbH<\/p>\n\n\n\n<p>Richard-Strauss-Stra\u00dfe 31\/3<br>1230 Wien<\/p>\n\n\n\n<p><a href=\"mailto:office@contexos.at\" target=\"_blank\" rel=\"noreferrer noopener\">office@contexos.at<\/a><\/p>\n","protected":false},"excerpt":{"rendered":"<p>Hier finden Sie bald alle wichtigen Informationen \u00fcber unser Unternehmen und unseren Dienstleistungen. Bitte haben Sie noch etwas Geduld, wir arbeiten daran, Ihnen in K\u00fcrze alle Details zur Verf\u00fcgung zu stellen. CONTEX objecta GmbH Richard-Strauss-Stra\u00dfe 31\/31230 Wien office@contexos.at<\/p>\n","protected":false},"author":1,"featured_media":25,"parent":0,"menu_order":0,"comment_status":"closed","ping_status":"open","template":"page-no-separators","meta":[],"_links":{"self":[{"href":"https:\/\/contexos.at\/index.php\/wp-json\/wp\/v2\/pages\/2"}],"collection":[{"href":"https:\/\/contexos.at\/index.php\/wp-json\/wp\/v2\/pages"}],"about":[{"href":"https:\/\/contexos.at\/index.php\/wp-json\/wp\/v2\/types\/page"}],"author":[{"embeddable":true,"href":"https:\/\/contexos.at\/index.php\/wp-json\/wp\/v2\/users\/1"}],"replies":[{"embeddable":true,"href":"https:\/\/contexos.at\/index.php\/wp-json\/wp\/v2\/comments?post=2"}],"version-history":[{"count":9,"href":"https:\/\/contexos.at\/index.php\/wp-json\/wp\/v2\/pages\/2\/revisions"}],"predecessor-version":[{"id":27,"href":"https:\/\/contexos.at\/index.php\/wp-json\/wp\/v2\/pages\/2\/revisions\/27"}],"wp:featuredmedia":[{"embeddable":true,"href":"https:\/\/contexos.at\/index.php\/wp-json\/wp\/v2\/media\/25"}],"wp:attachment":[{"href":"https:\/\/contexos.at\/index.php\/wp-json\/wp\/v2\/media?parent=2"}],"curies":[{"name":"wp","href":"https:\/\/api.w.org\/{rel}","templated":true}]}}